{"id":22,"date":"2015-02-21T23:02:56","date_gmt":"2015-02-21T22:02:56","guid":{"rendered":"http:\/\/nathaliedesmet.fr\/?page_id=22"},"modified":"2021-12-06T18:15:32","modified_gmt":"2021-12-06T17:15:32","slug":"about","status":"publish","type":"page","link":"https:\/\/nathaliedesmet.fr\/blog\/about\/","title":{"rendered":"About"},"content":{"rendered":"<p style=\"text-align: justify;\">Je suis critique d&rsquo;art, commissaire d&rsquo;exposition, ma\u00eetre de conf\u00e9rences \u00e0 l&rsquo;Universit\u00e9 Paris 8 Vincennes-Saint Denis.<\/p>\n<p style=\"text-align: justify;\">Mon activit\u00e9 principale \u00e9tant d&rsquo;\u00eatre enseignante et\u00a0chercheuse en pratique et th\u00e9orie de l&rsquo;art \u00e0 l&rsquo;Universit\u00e9 Paris 8 Vincennes-Saint Denis, je suis associ\u00e9e au Laboratoire\u00a0AIAC \u2013 Arts des images\u00a0et\u00a0art contemporain.\u00a0Mon int\u00e9r\u00eat pour les expositions r\u00e9ductionnistes ou minimales \u00e9volue aujourd&rsquo;hui vers un questionnement sur\u00a0le curatorial pens\u00e9 comme nouveau paradigme.\u00a0Les relations entre r\u00e9cits, textes et expositions m&rsquo;int\u00e9ressent particuli\u00e8rement dans ce contexte. Un\u00a0autre\u00a0objet important de mes recherches concerne\u00a0les formes contemporaines de la critique d&rsquo;art, les relations entre la critique et l&rsquo;exposition et les nouvelles formes d&rsquo;\u00e9critures critiques ou\/et collaboratives, notamment en lien\u00a0avec la reconnaissance des artistes \u00e9mergeants.<\/p>\n<p style=\"text-align: justify;\">Le travail de recherche men\u00e9 dans le cadre de ma th\u00e8se de doctorat (2012) porte sur les expositions pr\u00e9sentant des murs nus, dans lesquelles il n&rsquo;y a a priori rien \u00e0 voir (<em>Les expositions \u00ab vides \u00bb : \u00e9conomies et repr\u00e9sentation (1957-2010))<\/em>. Le travail visait \u00e0 montrer que leurs modes\u00a0d&rsquo;existence propre, leurs sp\u00e9cificit\u00e9s \u2013 la disparition apparente de la proposition artistique, l&rsquo;auto-r\u00e9flexivit\u00e9 de l&rsquo;exposition, la surexposition des lieux, l&rsquo;inflation des \u00e9crits, le d\u00e9cept du visiteur \u2013 s\u2019accordent avec les valeurs d&rsquo;une \u00e9conomie tertiaire. Ces expositions\u00a0participent en effet aux notions de notori\u00e9t\u00e9 et de r\u00e9putation, d\u00e9terminantes dans la reconnaissance de l&rsquo;art contemporain.\u00a0Elles sont plus largement li\u00e9es \u00e0 une \u00e9conomie de l&rsquo;attention, une source rare, qu&rsquo;il faut savoir capter. Les trois \u00e2ges des\u00a0expositions \u00ab\u00a0vides\u00a0\u00bb de celles d&rsquo;Yves Klein en 1957 et 1958 aux ann\u00e9es 2000\u00a0montrent qu&rsquo;elles apparaissent dans la derni\u00e8re p\u00e9riode\u00a0comme des\u00a0m\u00e9ta-dispositifs de repr\u00e9sentations et de communication pour les institutions qui les h\u00e9bergent. Le\u00a0jeu de transparences et d&rsquo;opacit\u00e9s qu&rsquo;elles permettent de mettre en place s&rsquo;accordent avec\u00a0de nouvelles politiques repr\u00e9sentationnelles. Une\u00a0apparition des expositions \u00ab vides \u00bb dans des mus\u00e9es (mus\u00e9alisation) s&rsquo;affirme \u00a0au moment o\u00f9 est identifi\u00e9 un nouvel institutionnalisme. En associant modalit\u00e9s de perception des \u0153uvres et valeurs institutionnelles, l\u2019institution participe plus que jamais des pratiques curatoriales. Elle donne aussi tacitement aux commissaires d&rsquo;exposition un nouveau programme : celui de valoriser l\u2019institution. Derri\u00e8re un art qui semble constitutif d&rsquo;une d\u00e9mat\u00e9rialisation des constituants de l&rsquo;exp\u00e9rience esth\u00e9tique se fait jour une esth\u00e9tisation de l&rsquo;institution et de son organisation.\u00a0De nombreux articles publi\u00e9s sur ce\u00a0site sont li\u00e9s \u00e0 plusieurs aspects de cette recherche. Je pr\u00e9pare actuellement l&rsquo;\u00e9dition de cette th\u00e8se.<\/p>\n<p style=\"text-align: justify;\">Plusieurs de mes cours sont consacr\u00e9s \u00e0 l&rsquo;\u00e9criture sur l&rsquo;art et \u00e0 la critique d&rsquo;art. Les productions de l&rsquo;atelier\u00a0\u00ab\u00a0Pratiques de la critique\u00a0\u00bb (cours de Master 1 et 2) sont publi\u00e9s sur le blog\u00a0<a href=\"http:\/\/www.arpla.fr\/mu\/lebourdon\">Le bourdon<\/a>.<\/p>\n<p style=\"text-align: justify;\">Je d\u00e9veloppe des activit\u00e9s de terrain prenant la\u00a0forme d&rsquo;une recherche-action dans d&rsquo;autres contextes que l&rsquo;universit\u00e9. Celles-ci\u00a0me permettent d&rsquo;articuler th\u00e9orie et pratique. Elles prennent place aussi dans le cadre du Chassis \u00e0 travers la co-direction artistique du project\/space Les Barreaux et la r\u00e9daction en chef de la revue\u00a0leChassis : http:\/\/lechassis.fr\/revue\/<\/p>\n<p style=\"text-align: justify;\">Je suis\u00a0correspondante \u00e0 Paris pour la revue <em>esse arts+opinions<\/em> (Montr\u00e9al) : http:\/\/esse.ca\/fr<\/p>\n<p style=\"text-align: justify;\">Membre de l&rsquo;AICA<\/p>\n<p style=\"text-align: justify;\">\n","protected":false},"excerpt":{"rendered":"<p>Je suis critique d&rsquo;art, commissaire d&rsquo;exposition, ma\u00eetre de conf\u00e9rences \u00e0 l&rsquo;Universit\u00e9 Paris 8 Vincennes-Saint Denis. Mon activit\u00e9 principale \u00e9tant d&rsquo;\u00eatre enseignante et\u00a0chercheuse en pratique et th\u00e9orie de l&rsquo;art \u00e0 l&rsquo;Universit\u00e9 Paris 8 Vincennes-Saint Denis, je suis associ\u00e9e au Laboratoire\u00a0AIAC \u2013 Arts des images\u00a0et\u00a0art contemporain.\u00a0Mon int\u00e9r\u00eat pour les expositions r\u00e9ductionnistes ou minimales \u00e9volue aujourd&rsquo;hui vers un [&hellip;]<\/p>\n","protected":false},"author":1,"featured_media":0,"parent":0,"menu_order":0,"comment_status":"closed","ping_status":"open","template":"","meta":[],"_links":{"self":[{"href":"https:\/\/nathaliedesmet.fr\/blog\/wp-json\/wp\/v2\/pages\/22"}],"collection":[{"href":"https:\/\/nathaliedesmet.fr\/blog\/wp-json\/wp\/v2\/pages"}],"about":[{"href":"https:\/\/nathaliedesmet.fr\/blog\/wp-json\/wp\/v2\/types\/page"}],"author":[{"embeddable":true,"href":"https:\/\/nathaliedesmet.fr\/blog\/wp-json\/wp\/v2\/users\/1"}],"replies":[{"embeddable":true,"href":"https:\/\/nathaliedesmet.fr\/blog\/wp-json\/wp\/v2\/comments?post=22"}],"version-history":[{"count":2,"href":"https:\/\/nathaliedesmet.fr\/blog\/wp-json\/wp\/v2\/pages\/22\/revisions"}],"predecessor-version":[{"id":650,"href":"https:\/\/nathaliedesmet.fr\/blog\/wp-json\/wp\/v2\/pages\/22\/revisions\/650"}],"wp:attachment":[{"href":"https:\/\/nathaliedesmet.fr\/blog\/wp-json\/wp\/v2\/media?parent=22"}],"curies":[{"name":"wp","href":"https:\/\/api.w.org\/{rel}","templated":true}]}}